{"id":100,"date":"2016-04-05T22:13:01","date_gmt":"2016-04-05T20:13:01","guid":{"rendered":"http:\/\/www.tv-signau.ch\/?page_id=100"},"modified":"2022-12-14T13:11:48","modified_gmt":"2022-12-14T12:11:48","slug":"jugi-maedchen-mittel","status":"publish","type":"page","link":"https:\/\/tv-signau.ch\/?page_id=100","title":{"rendered":"Jugi mittel"},"content":{"rendered":"<p>In unserer Jugi darf jeder mitmachen der zur Schule geht. Unsere ausgebildeten Leiterinnen und Leiter bieten den Kindern ein ausgewogenes Programm an Spielen\u00a0 und Leichtathletik an. S\u00e4mtliche Jugeler k\u00f6nnen am j\u00e4hrlichen Jugitag teilnehmen und sich mit anderen Kindern aus der Region messen.<\/p>\n<p>Bei uns gibt es keine Leistungsnormen &#8211; jeder kann mitmachen!<\/p>\n<p>&nbsp;<\/p>\n<p>Unter der Leitung von Nicole Mosimann, Lea Murri, Reto Wildbolz, Svenja Meier und Rony Mengisen trainieren die Kinder in verschiedenen Sportarten an den unterschiedlichsten Ger\u00e4ten ihre Fertigkeiten.<\/p>\n<p>&nbsp;<\/p>\n<p>Alter: ca 2.\u00a0Klasse bis und mit ca. 4. Klasse (10 j\u00e4hrig; in Absprache mit der Leiterin)<\/p>\n<p>&nbsp;<\/p>\n<p><span style=\"text-decoration: underline;\">Wo und wann?<br \/>\n<\/span><br \/>\nTurnhalle \/ Sportplatz Signau, Montag von 18:15 bis 19:45 Uhr<\/p>\n<p><img loading=\"lazy\" decoding=\"async\" class=\"alignnone size-full wp-image-2379\" src=\"https:\/\/tv-signau.ch\/wp-content\/uploads\/2022\/12\/20221114_185319-scaled.jpg\" alt=\"\" width=\"2560\" height=\"1920\" srcset=\"https:\/\/tv-signau.ch\/wp-content\/uploads\/2022\/12\/20221114_185319-scaled.jpg 2560w, https:\/\/tv-signau.ch\/wp-content\/uploads\/2022\/12\/20221114_185319-1536x1152.jpg 1536w, https:\/\/tv-signau.ch\/wp-content\/uploads\/2022\/12\/20221114_185319-2048x1536.jpg 2048w, https:\/\/tv-signau.ch\/wp-content\/uploads\/2022\/12\/20221114_185319-720x540.jpg 720w\" sizes=\"auto, (max-width: 2560px) 100vw, 2560px\" \/><\/p>\n<p>&nbsp;<\/p>\n<div class='w3eden'><!-- WPDM Link Template: Default Template ( Old ) -->\n\n\n<div class=\"wpdm-link-template link-template-default\" >\n\n    <div class=\"media\">\n        <div class=\"mr-3\"><img decoding=\"async\" class=\"wpdm_icon\" alt=\"Icon\" src=\"https:\/\/tv-signau.ch\/wp-content\/plugins\/download-manager\/assets\/file-type-icons\/docx.svg\" \/><\/div>\n        <div class=\"media-body\">\n            <div>\n                <strong class=\"package-title\">Turnprogramm Jugi Mittel<\/strong> | 162.35 KB\n            <\/div>\n            <a class='wpdm-download-link download-on-click btn btn-primary btn-sm' rel='nofollow' href='#' data-downloadurl=\"https:\/\/tv-signau.ch\/?wpdmpro=turnprogramm-jugi-mittel-aug-bis-jan-2020-21&wpdmdl=689&refresh=69fe9a627a5621778293346\">Download<\/a>\n        <\/div>\n\n    <\/div>\n    <div style=\"clear: both\"><\/div>\n<\/div>\n<div style=\"clear: both\"><\/div>\n\n<\/div>\n<p>&nbsp;<\/p>\n<p>&nbsp;<\/p>\n<p><img loading=\"lazy\" decoding=\"async\" class=\"alignleft wp-image-2361 size-full\" src=\"https:\/\/tv-signau.ch\/wp-content\/uploads\/2022\/11\/geht-nicht.jpg\" alt=\"\" width=\"728\" height=\"90\" srcset=\"https:\/\/tv-signau.ch\/wp-content\/uploads\/2022\/11\/geht-nicht.jpg 728w, https:\/\/tv-signau.ch\/wp-content\/uploads\/2022\/11\/geht-nicht-720x89.jpg 720w\" sizes=\"auto, (max-width: 728px) 100vw, 728px\" \/><\/p>\n","protected":false},"excerpt":{"rendered":"<p>In unserer Jugi darf jeder mitmachen der zur Schule geht. Unsere ausgebildeten Leiterinnen und Leiter bieten den Kindern ein ausgewogenes Programm an Spielen\u00a0 und Leichtathletik an. S\u00e4mtliche Jugeler k\u00f6nnen am j\u00e4hrlichen Jugitag teilnehmen und sich mit anderen Kindern aus der Region messen. Bei uns gibt es keine Leistungsnormen &#8211; jeder kann mitmachen! &nbsp; Unter der Leitung von Nicole Mosimann, Lea Murri, Reto Wildbolz, Svenja Meier und Rony Mengisen trainieren die Kinder in verschiedenen Sportarten an den unterschiedlichsten Ger\u00e4ten ihre Fertigkeiten.<a class=\"more-link\" href=\"https:\/\/tv-signau.ch\/?page_id=100\"><span>Weiterlesen<\/span><\/a><\/p>\n","protected":false},"author":1,"featured_media":0,"parent":93,"menu_order":3,"comment_status":"closed","ping_status":"closed","template":"template-full-width.php","meta":{"footnotes":""},"class_list":["post-100","page","type-page","status-publish","hentry"],"_links":{"self":[{"href":"https:\/\/tv-signau.ch\/index.php?rest_route=\/wp\/v2\/pages\/100","targetHints":{"allow":["GET"]}}],"collection":[{"href":"https:\/\/tv-signau.ch\/index.php?rest_route=\/wp\/v2\/pages"}],"about":[{"href":"https:\/\/tv-signau.ch\/index.php?rest_route=\/wp\/v2\/types\/page"}],"author":[{"embeddable":true,"href":"https:\/\/tv-signau.ch\/index.php?rest_route=\/wp\/v2\/users\/1"}],"replies":[{"embeddable":true,"href":"https:\/\/tv-signau.ch\/index.php?rest_route=%2Fwp%2Fv2%2Fcomments&post=100"}],"version-history":[{"count":16,"href":"https:\/\/tv-signau.ch\/index.php?rest_route=\/wp\/v2\/pages\/100\/revisions"}],"predecessor-version":[{"id":2381,"href":"https:\/\/tv-signau.ch\/index.php?rest_route=\/wp\/v2\/pages\/100\/revisions\/2381"}],"up":[{"embeddable":true,"href":"https:\/\/tv-signau.ch\/index.php?rest_route=\/wp\/v2\/pages\/93"}],"wp:attachment":[{"href":"https:\/\/tv-signau.ch\/index.php?rest_route=%2Fwp%2Fv2%2Fmedia&parent=100"}],"curies":[{"name":"wp","href":"https:\/\/api.w.org\/{rel}","templated":true}]}}